{"id":24,"date":"2020-05-23T21:13:45","date_gmt":"2020-05-23T21:13:45","guid":{"rendered":"https:\/\/mavra.esmet.me\/?page_id=24"},"modified":"2022-11-24T19:30:20","modified_gmt":"2022-11-24T18:30:20","slug":"a-propos","status":"publish","type":"page","link":"https:\/\/guillaumeforel.fr\/index.php\/a-propos\/","title":{"rendered":"A PROPOS"},"content":{"rendered":"<p>[vc_row css=\u00a0\u00bb.vc_custom_1590235537844{padding-bottom: 10vh !important;}\u00a0\u00bb][vc_column width=\u00a0\u00bb2\/3&Prime;][vc_custom_heading text=\u00a0\u00bbA PROPOS\u00a0\u00bb font_container=\u00a0\u00bbtag:h3|text_align:left\u00a0\u00bb use_theme_fonts=\u00a0\u00bbyes\u00a0\u00bb css=\u00a0\u00bb.vc_custom_1667211613884{padding-right: 5vw !important;}\u00a0\u00bb][\/vc_column][\/vc_row][vc_row][vc_column][vc_column_text]L&rsquo;Agence lyonnaise d&rsquo;architecture d&rsquo;int\u00e9rieur GUILLAUME FOREL vous aide \u00e0 r\u00e9aliser vos projets tant dans la conception que dans la r\u00e9alisation.<\/p>\n<p>Dipl\u00f4m\u00e9 de l&rsquo;\u00e9cole d&rsquo;architecture et de design CREAD \u00e0 Lyon, Guillaume Forel a fait ses armes au sein de diff\u00e9rentes agences avant de monter la sienne d\u00e8s 2020.<\/p>\n<p>Son objectif est d\u2019imaginer et cr\u00e9er l\u2019int\u00e9rieur qui correspond \u00e0 vos besoins, vos envies et votre mode de vie.<\/p>\n<p>L\u2019Agence GUILLAUME FOREL intervient tant sur des projets particuliers que professionnels et a \u00e0 c\u0153ur de perfectionner ces derniers dans les moindres d\u00e9tails.<\/p>\n<p>Exigence, lumi\u00e8re et harmonie sont les ma\u00eetres mots de l&rsquo;Agence. Elle con\u00e7oit vos int\u00e9rieurs gr\u00e2ce \u00e0 l&rsquo;utilisation de mat\u00e9riaux nobles et met un point d&rsquo;honneur \u00e0 r\u00e9aliser votre projet pour en faire un bien d&rsquo;exception.<\/p>\n<p>L&rsquo;Agence travaille directement avec des professionnels de confiance et vous accompagnera tout au long de votre projet.<\/p>\n<p>Votre satisfaction est notre priorit\u00e9 et notre force de r\u00e9ussite.<\/p>\n<p>&nbsp;<\/p>\n<p>&nbsp;<\/p>\n<p style=\"text-align: left;\"><strong>Le mot de Guillaume Forel, Directeur :<\/strong><\/p>\n<p style=\"text-align: center;\">\u00ab\u00a0<em>Je serais pr\u00e9sent pour vous accompagner dans la r\u00e9alisation de votre projet afin de rendre l&rsquo;imaginaire enfin possible.\u00a0\u00bb<\/em><\/p>\n<blockquote><p><img loading=\"lazy\" class=\"wp-image-290 size-medium alignnone\" src=\"https:\/\/guillaumeforel.fr\/wp-content\/uploads\/2022\/11\/IMG_2833-225x300.jpg\" alt=\"\" width=\"225\" height=\"300\" srcset=\"https:\/\/guillaumeforel.fr\/wp-content\/uploads\/2022\/11\/IMG_2833-225x300.jpg 225w, https:\/\/guillaumeforel.fr\/wp-content\/uploads\/2022\/11\/IMG_2833-768x1024.jpg 768w, https:\/\/guillaumeforel.fr\/wp-content\/uploads\/2022\/11\/IMG_2833-1152x1536.jpg 1152w, https:\/\/guillaumeforel.fr\/wp-content\/uploads\/2022\/11\/IMG_2833-1536x2048.jpg 1536w, https:\/\/guillaumeforel.fr\/wp-content\/uploads\/2022\/11\/IMG_2833-320x427.jpg 320w, https:\/\/guillaumeforel.fr\/wp-content\/uploads\/2022\/11\/IMG_2833-480x640.jpg 480w, https:\/\/guillaumeforel.fr\/wp-content\/uploads\/2022\/11\/IMG_2833-800x1067.jpg 800w, https:\/\/guillaumeforel.fr\/wp-content\/uploads\/2022\/11\/IMG_2833-620x827.jpg 620w, https:\/\/guillaumeforel.fr\/wp-content\/uploads\/2022\/11\/IMG_2833-scaled.jpg 1920w\" sizes=\"(max-width: 225px) 100vw, 225px\" \/><\/p><\/blockquote>\n<p>[\/vc_column_text][\/vc_column][\/vc_row]<\/p>\n","protected":false},"excerpt":{"rendered":"<p>[vc_row css=\u00a0\u00bb.vc_custom_1590235537844{padding-bottom: 10vh !important;}\u00a0\u00bb][vc_column width=\u00a0\u00bb2\/3&Prime;][vc_custom_heading text=\u00a0\u00bbA PROPOS\u00a0\u00bb font_container=\u00a0\u00bbtag:h3|text_align:left\u00a0\u00bb use_theme_fonts=\u00a0\u00bbyes\u00a0\u00bb css=\u00a0\u00bb.vc_custom_1667211613884{padding-right: 5vw !important;}\u00a0\u00bb][\/vc_column][\/vc_row][vc_row][vc_column][vc_column_text]L&rsquo;Agence lyonnaise d&rsquo;architecture d&rsquo;int\u00e9rieur GUILLAUME FOREL vous aide \u00e0 r\u00e9aliser vos projets tant dans la conception que dans la r\u00e9alisation. Dipl\u00f4m\u00e9 de l&rsquo;\u00e9cole d&rsquo;architecture et de design CREAD \u00e0 Lyon, Guillaume Forel a fait ses armes au sein de diff\u00e9rentes agences avant de monter&hellip;<\/p>\n","protected":false},"author":2,"featured_media":0,"parent":0,"menu_order":0,"comment_status":"closed","ping_status":"closed","template":"","meta":[],"_links":{"self":[{"href":"https:\/\/guillaumeforel.fr\/index.php\/wp-json\/wp\/v2\/pages\/24"}],"collection":[{"href":"https:\/\/guillaumeforel.fr\/index.php\/wp-json\/wp\/v2\/pages"}],"about":[{"href":"https:\/\/guillaumeforel.fr\/index.php\/wp-json\/wp\/v2\/types\/page"}],"author":[{"embeddable":true,"href":"https:\/\/guillaumeforel.fr\/index.php\/wp-json\/wp\/v2\/users\/2"}],"replies":[{"embeddable":true,"href":"https:\/\/guillaumeforel.fr\/index.php\/wp-json\/wp\/v2\/comments?post=24"}],"version-history":[{"count":13,"href":"https:\/\/guillaumeforel.fr\/index.php\/wp-json\/wp\/v2\/pages\/24\/revisions"}],"predecessor-version":[{"id":295,"href":"https:\/\/guillaumeforel.fr\/index.php\/wp-json\/wp\/v2\/pages\/24\/revisions\/295"}],"wp:attachment":[{"href":"https:\/\/guillaumeforel.fr\/index.php\/wp-json\/wp\/v2\/media?parent=24"}],"curies":[{"name":"wp","href":"https:\/\/api.w.org\/{rel}","templated":true}]}}